{"id":15,"date":"2023-04-19T09:08:29","date_gmt":"2023-04-19T07:08:29","guid":{"rendered":"https:\/\/www.klima-plattform.at\/?page_id=15"},"modified":"2026-01-07T17:03:14","modified_gmt":"2026-01-07T16:03:14","slug":"impressum","status":"publish","type":"page","link":"https:\/\/www.klima-plattform.at\/?page_id=15","title":{"rendered":"Impressum"},"content":{"rendered":"\t\t<div data-elementor-type=\"wp-page\" data-elementor-id=\"15\" class=\"elementor elementor-15\" data-elementor-post-type=\"page\">\n\t\t\t\t\t\t<section class=\"elementor-section elementor-top-section elementor-element elementor-element-5985bbb9 elementor-section-boxed elementor-section-height-default elementor-section-height-default\" data-id=\"5985bbb9\" data-element_type=\"section\" data-e-type=\"section\">\n\t\t\t\t\t\t<div class=\"elementor-container elementor-column-gap-default\">\n\t\t\t\t\t<div class=\"elementor-column elementor-col-100 elementor-top-column elementor-element elementor-element-3c338e56\" data-id=\"3c338e56\" data-element_type=\"column\" data-e-type=\"column\">\n\t\t\t<div class=\"elementor-widget-wrap elementor-element-populated\">\n\t\t\t\t\t\t<div class=\"elementor-element elementor-element-295e9be elementor-widget elementor-widget-heading\" data-id=\"295e9be\" data-element_type=\"widget\" data-e-type=\"widget\" data-widget_type=\"heading.default\">\n\t\t\t\t<div class=\"elementor-widget-container\">\n\t\t\t\t\t<h2 class=\"elementor-heading-title elementor-size-default\">Impressum<\/h2>\t\t\t\t<\/div>\n\t\t\t\t<\/div>\n\t\t\t\t<div class=\"elementor-element elementor-element-6c8a657b elementor-widget elementor-widget-text-editor\" data-id=\"6c8a657b\" data-element_type=\"widget\" data-e-type=\"widget\" data-widget_type=\"text-editor.default\">\n\t\t\t\t<div class=\"elementor-widget-container\">\n\t\t\t\t\t\t\t\t\t<p>Verein der Klima-Modellregionen \u00d6sterreich<br \/>ZVR1067762534<br \/>Gesch\u00e4ftsstelle: Galgenau 28, 4240 Freistadt<br \/>Gesch\u00e4ftsf\u00fchrung: Simon Klambauer | <a href=\"mailto:simon.klambauer@klima-plattform.at\" target=\"_blank\" rel=\"noopener\">simon.klambauer@klima-plattform.at<\/a> | +43 664 437 47 66<br \/>Obfrau: Margit Schlagbauer | margit.schlagbauer@oekoregion-kaindorf.at | +43 664 837 33 07<br \/>Web: www.klima-plattform.at<\/p>\n<p><!-- \/wp:paragraph --><\/p>\n<p><!-- wp:paragraph --><\/p>\n<p>Verbraucher haben die M\u00f6glichkeit, Beschwerden an die Online Streitbeilegungsplattform der EU zu richten: http:\/\/ec.europa.eu\/odr.<br \/>Sie k\u00f6nnen allf\u00e4llige Beschwerde auch an die oben angegebenen E-Mail-Adressen richten.<\/p>\n<p><!-- \/wp:paragraph --><\/p>\t\t\t\t\t\t\t\t<\/div>\n\t\t\t\t<\/div>\n\t\t\t\t\t<\/div>\n\t\t<\/div>\n\t\t\t\t\t<\/div>\n\t\t<\/section>\n\t\t\t\t<\/div>\n\t\t","protected":false},"excerpt":{"rendered":"<p>Impressum Verein der Klima-Modellregionen \u00d6sterreichZVR1067762534Gesch\u00e4ftsstelle: Galgenau 28, 4240 FreistadtGesch\u00e4ftsf\u00fchrung: Simon Klambauer | simon.klambauer@klima-plattform.at | +43 664 437 47 66Obfrau: Margit Schlagbauer | margit.schlagbauer@oekoregion-kaindorf.at | +43 664 837 33 07Web: www.klima-plattform.at Verbraucher haben die M\u00f6glichkeit, Beschwerden an die Online Streitbeilegungsplattform der EU zu richten: http:\/\/ec.europa.eu\/odr.Sie k\u00f6nnen allf\u00e4llige Beschwerde auch an die oben angegebenen E-Mail-Adressen richten.<\/p>\n","protected":false},"author":1,"featured_media":0,"parent":0,"menu_order":0,"comment_status":"closed","ping_status":"closed","template":"","meta":{"footnotes":""},"class_list":["post-15","page","type-page","status-publish","hentry"],"_links":{"self":[{"href":"https:\/\/www.klima-plattform.at\/index.php?rest_route=\/wp\/v2\/pages\/15","targetHints":{"allow":["GET"]}}],"collection":[{"href":"https:\/\/www.klima-plattform.at\/index.php?rest_route=\/wp\/v2\/pages"}],"about":[{"href":"https:\/\/www.klima-plattform.at\/index.php?rest_route=\/wp\/v2\/types\/page"}],"author":[{"embeddable":true,"href":"https:\/\/www.klima-plattform.at\/index.php?rest_route=\/wp\/v2\/users\/1"}],"replies":[{"embeddable":true,"href":"https:\/\/www.klima-plattform.at\/index.php?rest_route=%2Fwp%2Fv2%2Fcomments&post=15"}],"version-history":[{"count":23,"href":"https:\/\/www.klima-plattform.at\/index.php?rest_route=\/wp\/v2\/pages\/15\/revisions"}],"predecessor-version":[{"id":1042,"href":"https:\/\/www.klima-plattform.at\/index.php?rest_route=\/wp\/v2\/pages\/15\/revisions\/1042"}],"wp:attachment":[{"href":"https:\/\/www.klima-plattform.at\/index.php?rest_route=%2Fwp%2Fv2%2Fmedia&parent=15"}],"curies":[{"name":"wp","href":"https:\/\/api.w.org\/{rel}","templated":true}]}}